{"id":361,"date":"2019-10-30T19:37:49","date_gmt":"2019-10-30T19:37:49","guid":{"rendered":"http:\/\/demo.athemes.com\/sydney-redesign\/?page_id=361"},"modified":"2023-05-27T16:12:08","modified_gmt":"2023-05-27T16:12:08","slug":"team","status":"publish","type":"page","link":"https:\/\/gruasals.cl\/index.php\/team\/","title":{"rendered":"Equipo"},"content":{"rendered":"\t\t<div data-elementor-type=\"wp-page\" data-elementor-id=\"361\" class=\"elementor elementor-361\">\n\t\t\t\t\t\t<section class=\"elementor-section elementor-top-section elementor-element elementor-element-8f287ab elementor-section-boxed elementor-section-height-default elementor-section-height-default\" data-id=\"8f287ab\" data-element_type=\"section\" data-e-type=\"section\">\n\t\t\t\t\t\t<div class=\"elementor-container elementor-column-gap-default\">\n\t\t\t\t\t<div class=\"elementor-column elementor-col-100 elementor-top-column elementor-element elementor-element-e9097e2\" data-id=\"e9097e2\" data-element_type=\"column\" data-e-type=\"column\">\n\t\t\t<div class=\"elementor-widget-wrap elementor-element-populated\">\n\t\t\t\t\t\t<div class=\"elementor-element elementor-element-09108e5 elementor-widget elementor-widget-text-editor\" data-id=\"09108e5\" data-element_type=\"widget\" data-e-type=\"widget\" data-widget_type=\"text-editor.default\">\n\t\t\t\t<div class=\"elementor-widget-container\">\n\t\t\t\t\t\t\t\t\t<p>Estimados Se\u00f1ores:<\/p><p>Tenemos el agrado de ofrecer a ustedes nuestros servicios de Traslado de Veh\u00edculos, Camiones, Rescates y Mec\u00e1nica Integral para Veh\u00edculos. Nuestra empresa <strong>GRUAS A.L.S.<\/strong>, cuenta con m\u00e1s\u00a0 de 15 a\u00f1os de experiencia en el rubro, lo que nos permite garantizar un servicio altamente profesional.<\/p><p>Nuestro servicio de gr\u00faas cuenta con todo el equipamiento necesario para satisfacer las diversas necesidades de este diversificado rubro automotriz, contamos con Gr\u00faas tipo cama, Wheel lift (hidr\u00e1ulicas y convencionales) seg\u00fan detalle adjunto, que permite el remolque de veh\u00edculos y camiones en cualquier situaci\u00f3n. Adem\u00e1s contamos con servicio de custodia para todo tipo de veh\u00edculos y camiones.<\/p><p>Estamos a su disposici\u00f3n dentro y fuera de La Serena, los 365 d\u00edas del a\u00f1o, durante las 24 horas.<\/p><p>Esperando haber tenido una buena acogida, quedamos atentos ante cualquier requerimiento.<\/p><p>Atentamente<\/p><p><strong>Osvaldo Qui\u00f1ones Godoy<\/strong><\/p><p><strong>Gerente General<\/strong><\/p>\t\t\t\t\t\t\t\t<\/div>\n\t\t\t\t<\/div>\n\t\t\t\t\t<\/div>\n\t\t<\/div>\n\t\t\t\t\t<\/div>\n\t\t<\/section>\n\t\t\t\t<section class=\"elementor-section elementor-top-section elementor-element elementor-element-4aaabe97 elementor-section-boxed elementor-section-height-default elementor-section-height-default\" data-id=\"4aaabe97\" data-element_type=\"section\" data-e-type=\"section\">\n\t\t\t\t\t\t<div class=\"elementor-container elementor-column-gap-default\">\n\t\t\t\t\t<div class=\"elementor-column elementor-col-100 elementor-top-column elementor-element elementor-element-a893fcb\" data-id=\"a893fcb\" data-element_type=\"column\" data-e-type=\"column\">\n\t\t\t<div class=\"elementor-widget-wrap elementor-element-populated\">\n\t\t\t\t\t\t<div class=\"elementor-element elementor-element-4869527a elementor-widget elementor-widget-heading\" data-id=\"4869527a\" data-element_type=\"widget\" data-e-type=\"widget\" data-widget_type=\"heading.default\">\n\t\t\t\t<div class=\"elementor-widget-container\">\n\t\t\t\t\t<p class=\"elementor-heading-title elementor-size-default\">Rescate en Accion<\/p>\t\t\t\t<\/div>\n\t\t\t\t<\/div>\n\t\t\t\t<section class=\"elementor-section elementor-inner-section elementor-element elementor-element-29d6382 elementor-section-boxed elementor-section-height-default elementor-section-height-default\" data-id=\"29d6382\" data-element_type=\"section\" data-e-type=\"section\">\n\t\t\t\t\t\t<div class=\"elementor-container elementor-column-gap-default\">\n\t\t\t\t\t<div class=\"elementor-column elementor-col-100 elementor-inner-column elementor-element elementor-element-33a8041\" data-id=\"33a8041\" data-element_type=\"column\" data-e-type=\"column\">\n\t\t\t<div class=\"elementor-widget-wrap elementor-element-populated\">\n\t\t\t\t\t\t<div class=\"elementor-element elementor-element-6e25970c team_hover_edits elementor-widget elementor-widget-athemes-employee-carousel\" data-id=\"6e25970c\" data-element_type=\"widget\" data-e-type=\"widget\" data-widget_type=\"athemes-employee-carousel.default\">\n\t\t\t\t<div class=\"elementor-widget-container\">\n\t\t\t\t\t\n\t\t<div class=\"roll-team carousel owl-carousel\" data-widgetid=\"employees-\">\n\t\t\t\t\t\t\t\t\t\t<div class=\"team-item\">\n\t\t\t    <div class=\"team-inner\">\n\t\t\t        <div class=\"pop-overlay\">\n\t\t\t            <div class=\"team-pop\">\n\t\t\t                <div class=\"team-info\">\n\t\t\t\t\t\t\t\t<div class=\"name\">Rescatista<\/div>\n\t\t\t\t\t\t\t\t<div class=\"pos\">GENERAL MANAGER<\/div>\n\t\t\t\t\t\t\t\t<ul class=\"team-social\">\n\t\t\t\t\t\t\t\t\t\t\t\t\t\t\t\t\t\t\t<li><a class=\"facebook\" href=\"#\" target=\"_blank\"><i class=\"sydney-svg-icon\"><svg xmlns=\"http:\/\/www.w3.org\/2000\/svg\" viewBox=\"0 0 448 512\" fill=\"#fff;\"><path d=\"M279.14 288l14.22-92.66h-88.91v-60.13c0-25.35 12.42-50.06 52.24-50.06h40.42V6.26S260.43 0 225.36 0c-73.22 0-121.08 44.38-121.08 124.72v70.62H22.89V288h81.39v224h100.17V288z\"\/><\/svg><\/i><\/a><\/li>\n\t\t\t\t\t\t\t\t\t\t\t\t\t\t\t\t\t\t\t\t\t\t\t\t\t\t\t\t<li><a class=\"twitter\" href=\"#\" target=\"_blank\"><i class=\"sydney-svg-icon\"><svg xmlns=\"http:\/\/www.w3.org\/2000\/svg\" viewBox=\"0 0 512 512\"><path d=\"M459.37 151.716c.325 4.548.325 9.097.325 13.645 0 138.72-105.583 298.558-298.558 298.558-59.452 0-114.68-17.219-161.137-47.106 8.447.974 16.568 1.299 25.34 1.299 49.055 0 94.213-16.568 130.274-44.832-46.132-.975-84.792-31.188-98.112-72.772 6.498.974 12.995 1.624 19.818 1.624 9.421 0 18.843-1.3 27.614-3.573-48.081-9.747-84.143-51.98-84.143-102.985v-1.299c13.969 7.797 30.214 12.67 47.431 13.319-28.264-18.843-46.781-51.005-46.781-87.391 0-19.492 5.197-37.36 14.294-52.954 51.655 63.675 129.3 105.258 216.365 109.807-1.624-7.797-2.599-15.918-2.599-24.04 0-57.828 46.782-104.934 104.934-104.934 30.213 0 57.502 12.67 76.67 33.137 23.715-4.548 46.456-13.32 66.599-25.34-7.798 24.366-24.366 44.833-46.132 57.827 21.117-2.273 41.584-8.122 60.426-16.243-14.292 20.791-32.161 39.308-52.628 54.253z\"\/><\/svg><\/i><\/a><\/li>\n\t\t\t\t\t\t\t\t\t\t\t\t\t\t\t\t\t\t\t\t\t\t\t\t\t\t\t\t<li><a class=\"linkedin\" href=\"#\" target=\"_blank\"><i class=\"sydney-svg-icon\"><svg xmlns=\"http:\/\/www.w3.org\/2000\/svg\" viewBox=\"0 0 448 512\"><path d=\"M100.28 448H7.4V148.9h92.88zM53.79 108.1C24.09 108.1 0 83.5 0 53.8a53.79 53.79 0 0 1 107.58 0c0 29.7-24.1 54.3-53.79 54.3zM447.9 448h-92.68V302.4c0-34.7-.7-79.2-48.29-79.2-48.29 0-55.69 37.7-55.69 76.7V448h-92.78V148.9h89.08v40.8h1.3c12.4-23.5 42.69-48.3 87.88-48.3 94 0 111.28 61.9 111.28 142.3V448z\"\/><\/svg><\/i><\/a><\/li>\n\t\t\t\t\t\t\t\t\t\t\t\t\t\t\t\t\t<\/ul>\n\t\t\t                <\/div>\n\t\t\t            <\/div>\n\t\t\t        <\/div>\n\t\t\t\t\t\t\t\t\t\t<div class=\"avatar\">\n\t\t\t\t\t\t<img decoding=\"async\" src=\"https:\/\/gruasals.cl\/wp-content\/uploads\/2023\/05\/1683257446020.jpg\" alt=\"1683257446020\"\/>\n\t\t\t\t\t<\/div>\n\t\t\t\t\t\t\t\t    <\/div>\n\t\t\t    <div class=\"team-content\">\n\t\t\t        <div class=\"name\">\n\t\t\t        \t\t\t\t        \t\tRescatista\t\t\t        \t\t\t\t        <\/div>\n\t\t\t        <div class=\"pos\">GENERAL MANAGER<\/div>\n\t\t\t    <\/div>\n\t\t\t<\/div><!-- \/.team-item -->\n\n\t\t\t\t\t\t\t\t\t\t<div class=\"team-item\">\n\t\t\t    <div class=\"team-inner\">\n\t\t\t        <div class=\"pop-overlay\">\n\t\t\t            <div class=\"team-pop\">\n\t\t\t                <div class=\"team-info\">\n\t\t\t\t\t\t\t\t<div class=\"name\">rescatista 2<\/div>\n\t\t\t\t\t\t\t\t<div class=\"pos\">UX\/UI DESIGNER<\/div>\n\t\t\t\t\t\t\t\t<ul class=\"team-social\">\n\t\t\t\t\t\t\t\t\t\t\t\t\t\t\t\t\t\t\t<li><a class=\"facebook\" href=\"#\" target=\"_blank\"><i class=\"sydney-svg-icon\"><svg xmlns=\"http:\/\/www.w3.org\/2000\/svg\" viewBox=\"0 0 448 512\" fill=\"#fff;\"><path d=\"M279.14 288l14.22-92.66h-88.91v-60.13c0-25.35 12.42-50.06 52.24-50.06h40.42V6.26S260.43 0 225.36 0c-73.22 0-121.08 44.38-121.08 124.72v70.62H22.89V288h81.39v224h100.17V288z\"\/><\/svg><\/i><\/a><\/li>\n\t\t\t\t\t\t\t\t\t\t\t\t\t\t\t\t\t\t\t\t\t\t\t\t\t\t\t\t<li><a class=\"twitter\" href=\"#\" target=\"_blank\"><i class=\"sydney-svg-icon\"><svg xmlns=\"http:\/\/www.w3.org\/2000\/svg\" viewBox=\"0 0 512 512\"><path d=\"M459.37 151.716c.325 4.548.325 9.097.325 13.645 0 138.72-105.583 298.558-298.558 298.558-59.452 0-114.68-17.219-161.137-47.106 8.447.974 16.568 1.299 25.34 1.299 49.055 0 94.213-16.568 130.274-44.832-46.132-.975-84.792-31.188-98.112-72.772 6.498.974 12.995 1.624 19.818 1.624 9.421 0 18.843-1.3 27.614-3.573-48.081-9.747-84.143-51.98-84.143-102.985v-1.299c13.969 7.797 30.214 12.67 47.431 13.319-28.264-18.843-46.781-51.005-46.781-87.391 0-19.492 5.197-37.36 14.294-52.954 51.655 63.675 129.3 105.258 216.365 109.807-1.624-7.797-2.599-15.918-2.599-24.04 0-57.828 46.782-104.934 104.934-104.934 30.213 0 57.502 12.67 76.67 33.137 23.715-4.548 46.456-13.32 66.599-25.34-7.798 24.366-24.366 44.833-46.132 57.827 21.117-2.273 41.584-8.122 60.426-16.243-14.292 20.791-32.161 39.308-52.628 54.253z\"\/><\/svg><\/i><\/a><\/li>\n\t\t\t\t\t\t\t\t\t\t\t\t\t\t\t\t\t\t\t\t\t\t\t\t\t\t\t\t<li><a class=\"linkedin\" href=\"#\" target=\"_blank\"><i class=\"sydney-svg-icon\"><svg xmlns=\"http:\/\/www.w3.org\/2000\/svg\" viewBox=\"0 0 448 512\"><path d=\"M100.28 448H7.4V148.9h92.88zM53.79 108.1C24.09 108.1 0 83.5 0 53.8a53.79 53.79 0 0 1 107.58 0c0 29.7-24.1 54.3-53.79 54.3zM447.9 448h-92.68V302.4c0-34.7-.7-79.2-48.29-79.2-48.29 0-55.69 37.7-55.69 76.7V448h-92.78V148.9h89.08v40.8h1.3c12.4-23.5 42.69-48.3 87.88-48.3 94 0 111.28 61.9 111.28 142.3V448z\"\/><\/svg><\/i><\/a><\/li>\n\t\t\t\t\t\t\t\t\t\t\t\t\t\t\t\t\t<\/ul>\n\t\t\t                <\/div>\n\t\t\t            <\/div>\n\t\t\t        <\/div>\n\t\t\t\t\t\t\t\t\t\t<div class=\"avatar\">\n\t\t\t\t\t\t<img decoding=\"async\" src=\"https:\/\/gruasals.cl\/wp-content\/uploads\/2023\/05\/1683257445933.jpg\" alt=\"1683257445933\"\/>\n\t\t\t\t\t<\/div>\n\t\t\t\t\t\t\t\t    <\/div>\n\t\t\t    <div class=\"team-content\">\n\t\t\t        <div class=\"name\">\n\t\t\t        \t\t\t\t        \t\trescatista 2\t\t\t        \t\t\t\t        <\/div>\n\t\t\t        <div class=\"pos\">UX\/UI DESIGNER<\/div>\n\t\t\t    <\/div>\n\t\t\t<\/div><!-- \/.team-item -->\n\n\t\t\t\t\t\t\t\t\t\t<div class=\"team-item\">\n\t\t\t    <div class=\"team-inner\">\n\t\t\t        <div class=\"pop-overlay\">\n\t\t\t            <div class=\"team-pop\">\n\t\t\t                <div class=\"team-info\">\n\t\t\t\t\t\t\t\t<div class=\"name\">rescatista 3<\/div>\n\t\t\t\t\t\t\t\t<div class=\"pos\">ACCOUNTANT<\/div>\n\t\t\t\t\t\t\t\t<ul class=\"team-social\">\n\t\t\t\t\t\t\t\t\t\t\t\t\t\t\t\t\t\t\t<li><a class=\"facebook\" href=\"#\" target=\"_blank\"><i class=\"sydney-svg-icon\"><svg xmlns=\"http:\/\/www.w3.org\/2000\/svg\" viewBox=\"0 0 448 512\" fill=\"#fff;\"><path d=\"M279.14 288l14.22-92.66h-88.91v-60.13c0-25.35 12.42-50.06 52.24-50.06h40.42V6.26S260.43 0 225.36 0c-73.22 0-121.08 44.38-121.08 124.72v70.62H22.89V288h81.39v224h100.17V288z\"\/><\/svg><\/i><\/a><\/li>\n\t\t\t\t\t\t\t\t\t\t\t\t\t\t\t\t\t\t\t\t\t\t\t\t\t\t\t\t<li><a class=\"twitter\" href=\"#\" target=\"_blank\"><i class=\"sydney-svg-icon\"><svg xmlns=\"http:\/\/www.w3.org\/2000\/svg\" viewBox=\"0 0 512 512\"><path d=\"M459.37 151.716c.325 4.548.325 9.097.325 13.645 0 138.72-105.583 298.558-298.558 298.558-59.452 0-114.68-17.219-161.137-47.106 8.447.974 16.568 1.299 25.34 1.299 49.055 0 94.213-16.568 130.274-44.832-46.132-.975-84.792-31.188-98.112-72.772 6.498.974 12.995 1.624 19.818 1.624 9.421 0 18.843-1.3 27.614-3.573-48.081-9.747-84.143-51.98-84.143-102.985v-1.299c13.969 7.797 30.214 12.67 47.431 13.319-28.264-18.843-46.781-51.005-46.781-87.391 0-19.492 5.197-37.36 14.294-52.954 51.655 63.675 129.3 105.258 216.365 109.807-1.624-7.797-2.599-15.918-2.599-24.04 0-57.828 46.782-104.934 104.934-104.934 30.213 0 57.502 12.67 76.67 33.137 23.715-4.548 46.456-13.32 66.599-25.34-7.798 24.366-24.366 44.833-46.132 57.827 21.117-2.273 41.584-8.122 60.426-16.243-14.292 20.791-32.161 39.308-52.628 54.253z\"\/><\/svg><\/i><\/a><\/li>\n\t\t\t\t\t\t\t\t\t\t\t\t\t\t\t\t\t\t\t\t\t\t\t\t\t\t\t\t<li><a class=\"linkedin\" href=\"#\" target=\"_blank\"><i class=\"sydney-svg-icon\"><svg xmlns=\"http:\/\/www.w3.org\/2000\/svg\" viewBox=\"0 0 448 512\"><path d=\"M100.28 448H7.4V148.9h92.88zM53.79 108.1C24.09 108.1 0 83.5 0 53.8a53.79 53.79 0 0 1 107.58 0c0 29.7-24.1 54.3-53.79 54.3zM447.9 448h-92.68V302.4c0-34.7-.7-79.2-48.29-79.2-48.29 0-55.69 37.7-55.69 76.7V448h-92.78V148.9h89.08v40.8h1.3c12.4-23.5 42.69-48.3 87.88-48.3 94 0 111.28 61.9 111.28 142.3V448z\"\/><\/svg><\/i><\/a><\/li>\n\t\t\t\t\t\t\t\t\t\t\t\t\t\t\t\t\t<\/ul>\n\t\t\t                <\/div>\n\t\t\t            <\/div>\n\t\t\t        <\/div>\n\t\t\t\t\t\t\t\t\t\t<div class=\"avatar\">\n\t\t\t\t\t\t<img decoding=\"async\" src=\"https:\/\/gruasals.cl\/wp-content\/uploads\/2023\/05\/1683257446061.jpg\" alt=\"1683257446061\"\/>\n\t\t\t\t\t<\/div>\n\t\t\t\t\t\t\t\t    <\/div>\n\t\t\t    <div class=\"team-content\">\n\t\t\t        <div class=\"name\">\n\t\t\t        \t\t\t\t        \t\trescatista 3\t\t\t        \t\t\t\t        <\/div>\n\t\t\t        <div class=\"pos\">ACCOUNTANT<\/div>\n\t\t\t    <\/div>\n\t\t\t<\/div><!-- \/.team-item -->\n\n\t\t\t\t\t<\/div>\n\t\t\t\t\n\t\t\t\t\t\t<\/div>\n\t\t\t\t<\/div>\n\t\t\t\t\t<\/div>\n\t\t<\/div>\n\t\t\t\t\t<\/div>\n\t\t<\/section>\n\t\t\t\t\t<\/div>\n\t\t<\/div>\n\t\t\t\t\t<\/div>\n\t\t<\/section>\n\t\t\t\t<section class=\"elementor-section elementor-top-section elementor-element elementor-element-1f05bb5 elementor-section-boxed elementor-section-height-default elementor-section-height-default\" data-id=\"1f05bb5\" data-element_type=\"section\" data-e-type=\"section\">\n\t\t\t\t\t\t<div class=\"elementor-container elementor-column-gap-default\">\n\t\t\t\t\t<div class=\"elementor-column elementor-col-50 elementor-top-column elementor-element elementor-element-4655095\" data-id=\"4655095\" data-element_type=\"column\" data-e-type=\"column\">\n\t\t\t<div class=\"elementor-widget-wrap elementor-element-populated\">\n\t\t\t\t\t\t<div class=\"elementor-element elementor-element-4c8d18d elementor-widget elementor-widget-text-editor\" data-id=\"4c8d18d\" data-element_type=\"widget\" data-e-type=\"widget\" data-widget_type=\"text-editor.default\">\n\t\t\t\t<div class=\"elementor-widget-container\">\n\t\t\t\t\t\t\t\t\t<ul><li><strong><em>Para la ejecuci\u00f3n de traslado y rescate contamos con:<\/em><\/strong><\/li><li>Gr\u00faas Cama<\/li><li>Gr\u00faas de Levante<\/li><li>Gr\u00faas de Arrastre<\/li><li>Gr\u00faas para Alto Tonelaje<\/li><li>Cerrajer\u00eda Automotriz<\/li><li>Instalaci\u00f3n de GPS<\/li><li>Servicios de Hogar<\/li><li>Conductor de Reemplazo<\/li><li>Revisiones T\u00e9cnicas<\/li><li>Taller Mec\u00e1nico Automotriz<\/li><li>Servicios In Situ ( Cambio de Neum\u00e1tico, Puente de Bater\u00eda)<\/li><\/ul>\t\t\t\t\t\t\t\t<\/div>\n\t\t\t\t<\/div>\n\t\t\t\t\t<\/div>\n\t\t<\/div>\n\t\t\t\t<div class=\"elementor-column elementor-col-50 elementor-top-column elementor-element elementor-element-4123700\" data-id=\"4123700\" data-element_type=\"column\" data-e-type=\"column\">\n\t\t\t<div class=\"elementor-widget-wrap elementor-element-populated\">\n\t\t\t\t\t\t<div class=\"elementor-element elementor-element-8eea3ba elementor-widget elementor-widget-text-editor\" data-id=\"8eea3ba\" data-element_type=\"widget\" data-e-type=\"widget\" data-widget_type=\"text-editor.default\">\n\t\t\t\t<div class=\"elementor-widget-container\">\n\t\t\t\t\t\t\t\t\t<ul><li><strong><em>Las empresas que conf\u00edan en nuestros servicios<\/em><\/strong><\/li><\/ul><p>\u00a0<\/p><ul><li>Romani<\/li><li>Transportes Nazar<\/li><li>Transportes Prisa<\/li><li>Buses Covalle<\/li><li>Samex<\/li><li>Transportes Austral<\/li><\/ul>\t\t\t\t\t\t\t\t<\/div>\n\t\t\t\t<\/div>\n\t\t\t\t\t<\/div>\n\t\t<\/div>\n\t\t\t\t\t<\/div>\n\t\t<\/section>\n\t\t\t\t<section class=\"elementor-section elementor-top-section elementor-element elementor-element-701ee62 elementor-section-boxed elementor-section-height-default elementor-section-height-default\" data-id=\"701ee62\" data-element_type=\"section\" data-e-type=\"section\">\n\t\t\t\t\t\t<div class=\"elementor-container elementor-column-gap-default\">\n\t\t\t\t\t<div class=\"elementor-column elementor-col-100 elementor-top-column elementor-element elementor-element-8e3a02a\" data-id=\"8e3a02a\" data-element_type=\"column\" data-e-type=\"column\">\n\t\t\t<div class=\"elementor-widget-wrap elementor-element-populated\">\n\t\t\t\t\t\t<div class=\"elementor-element elementor-element-2b4b61a elementor-widget elementor-widget-image\" data-id=\"2b4b61a\" data-element_type=\"widget\" data-e-type=\"widget\" data-widget_type=\"image.default\">\n\t\t\t\t<div class=\"elementor-widget-container\">\n\t\t\t\t\t\t\t\t\t\t\t\t\t\t\t<img fetchpriority=\"high\" decoding=\"async\" width=\"1024\" height=\"194\" src=\"https:\/\/gruasals.cl\/wp-content\/uploads\/2023\/05\/pictALS23-1024x194.jpg\" class=\"attachment-large size-large wp-image-831\" alt=\"\" srcset=\"https:\/\/gruasals.cl\/wp-content\/uploads\/2023\/05\/pictALS23-1024x194.jpg 1024w, https:\/\/gruasals.cl\/wp-content\/uploads\/2023\/05\/pictALS23-300x57.jpg 300w, https:\/\/gruasals.cl\/wp-content\/uploads\/2023\/05\/pictALS23-768x146.jpg 768w, https:\/\/gruasals.cl\/wp-content\/uploads\/2023\/05\/pictALS23-920x175.jpg 920w, https:\/\/gruasals.cl\/wp-content\/uploads\/2023\/05\/pictALS23-230x44.jpg 230w, https:\/\/gruasals.cl\/wp-content\/uploads\/2023\/05\/pictALS23-350x66.jpg 350w, https:\/\/gruasals.cl\/wp-content\/uploads\/2023\/05\/pictALS23-480x91.jpg 480w, https:\/\/gruasals.cl\/wp-content\/uploads\/2023\/05\/pictALS23-600x114.jpg 600w, https:\/\/gruasals.cl\/wp-content\/uploads\/2023\/05\/pictALS23.jpg 1101w\" sizes=\"(max-width: 1024px) 100vw, 1024px\" \/>\t\t\t\t\t\t\t\t\t\t\t\t\t\t\t<\/div>\n\t\t\t\t<\/div>\n\t\t\t\t\t<\/div>\n\t\t<\/div>\n\t\t\t\t\t<\/div>\n\t\t<\/section>\n\t\t\t\t<\/div>\n\t\t","protected":false},"excerpt":{"rendered":"<p>Estimados Se\u00f1ores: Tenemos el agrado de ofrecer a ustedes nuestros servicios de Traslado de Veh\u00edculos, Camiones, Rescates y Mec\u00e1nica Integral para Veh\u00edculos. [&hellip;]<\/p>\n","protected":false},"author":1,"featured_media":0,"parent":0,"menu_order":0,"comment_status":"closed","ping_status":"closed","template":"page-templates\/page_front-page.php","meta":{"_joinchat":[],"footnotes":""},"class_list":["post-361","page","type-page","status-publish","hentry"],"yoast_head":"<!-- This site is optimized with the Yoast SEO plugin v27.5 - https:\/\/yoast.com\/product\/yoast-seo-wordpress\/ -->\n<title>Equipo - GRUAS ALS<\/title>\n<meta name=\"robots\" content=\"index, follow, max-snippet:-1, max-image-preview:large, max-video-preview:-1\" \/>\n<link rel=\"canonical\" href=\"https:\/\/gruasals.cl\/index.php\/team\/\" \/>\n<meta property=\"og:locale\" content=\"es_ES\" \/>\n<meta property=\"og:type\" content=\"article\" \/>\n<meta property=\"og:title\" content=\"Equipo - GRUAS ALS\" \/>\n<meta property=\"og:description\" content=\"Estimados Se\u00f1ores: Tenemos el agrado de ofrecer a ustedes nuestros servicios de Traslado de Veh\u00edculos, Camiones, Rescates y Mec\u00e1nica Integral para Veh\u00edculos. [&hellip;]\" \/>\n<meta property=\"og:url\" content=\"https:\/\/gruasals.cl\/index.php\/team\/\" \/>\n<meta property=\"og:site_name\" content=\"GRUAS ALS\" \/>\n<meta property=\"article:modified_time\" content=\"2023-05-27T16:12:08+00:00\" \/>\n<meta property=\"og:image\" content=\"https:\/\/gruasals.cl\/wp-content\/uploads\/2023\/05\/1683257446020.jpg\" \/>\n<meta name=\"twitter:card\" content=\"summary_large_image\" \/>\n<meta name=\"twitter:label1\" content=\"Tiempo estimado de lectura\" \/>\n\t<meta name=\"twitter:data1\" content=\"3 minutos\" \/>\n<script type=\"application\/ld+json\" class=\"yoast-schema-graph\">{\"@context\":\"https:\\\/\\\/schema.org\",\"@graph\":[{\"@type\":\"WebPage\",\"@id\":\"https:\\\/\\\/gruasals.cl\\\/index.php\\\/team\\\/\",\"url\":\"https:\\\/\\\/gruasals.cl\\\/index.php\\\/team\\\/\",\"name\":\"Equipo - GRUAS ALS\",\"isPartOf\":{\"@id\":\"https:\\\/\\\/gruasals.cl\\\/#website\"},\"primaryImageOfPage\":{\"@id\":\"https:\\\/\\\/gruasals.cl\\\/index.php\\\/team\\\/#primaryimage\"},\"image\":{\"@id\":\"https:\\\/\\\/gruasals.cl\\\/index.php\\\/team\\\/#primaryimage\"},\"thumbnailUrl\":\"https:\\\/\\\/gruasals.cl\\\/wp-content\\\/uploads\\\/2023\\\/05\\\/1683257446020.jpg\",\"datePublished\":\"2019-10-30T19:37:49+00:00\",\"dateModified\":\"2023-05-27T16:12:08+00:00\",\"breadcrumb\":{\"@id\":\"https:\\\/\\\/gruasals.cl\\\/index.php\\\/team\\\/#breadcrumb\"},\"inLanguage\":\"es-CL\",\"potentialAction\":[{\"@type\":\"ReadAction\",\"target\":[\"https:\\\/\\\/gruasals.cl\\\/index.php\\\/team\\\/\"]}]},{\"@type\":\"ImageObject\",\"inLanguage\":\"es-CL\",\"@id\":\"https:\\\/\\\/gruasals.cl\\\/index.php\\\/team\\\/#primaryimage\",\"url\":\"https:\\\/\\\/gruasals.cl\\\/wp-content\\\/uploads\\\/2023\\\/05\\\/1683257446020.jpg\",\"contentUrl\":\"https:\\\/\\\/gruasals.cl\\\/wp-content\\\/uploads\\\/2023\\\/05\\\/1683257446020.jpg\",\"width\":1080,\"height\":1197},{\"@type\":\"BreadcrumbList\",\"@id\":\"https:\\\/\\\/gruasals.cl\\\/index.php\\\/team\\\/#breadcrumb\",\"itemListElement\":[{\"@type\":\"ListItem\",\"position\":1,\"name\":\"Portada\",\"item\":\"https:\\\/\\\/gruasals.cl\\\/\"},{\"@type\":\"ListItem\",\"position\":2,\"name\":\"Equipo\"}]},{\"@type\":\"WebSite\",\"@id\":\"https:\\\/\\\/gruasals.cl\\\/#website\",\"url\":\"https:\\\/\\\/gruasals.cl\\\/\",\"name\":\"GRUAS ALS\",\"description\":\"SERVICIOS DE  MECANICA INTEGRAL\",\"publisher\":{\"@id\":\"https:\\\/\\\/gruasals.cl\\\/#organization\"},\"potentialAction\":[{\"@type\":\"SearchAction\",\"target\":{\"@type\":\"EntryPoint\",\"urlTemplate\":\"https:\\\/\\\/gruasals.cl\\\/?s={search_term_string}\"},\"query-input\":{\"@type\":\"PropertyValueSpecification\",\"valueRequired\":true,\"valueName\":\"search_term_string\"}}],\"inLanguage\":\"es-CL\"},{\"@type\":\"Organization\",\"@id\":\"https:\\\/\\\/gruasals.cl\\\/#organization\",\"name\":\"GRUAS ALS\",\"url\":\"https:\\\/\\\/gruasals.cl\\\/\",\"logo\":{\"@type\":\"ImageObject\",\"inLanguage\":\"es-CL\",\"@id\":\"https:\\\/\\\/gruasals.cl\\\/#\\\/schema\\\/logo\\\/image\\\/\",\"url\":\"https:\\\/\\\/gruasals.cl\\\/wp-content\\\/uploads\\\/2021\\\/10\\\/LOGOALS.jpg\",\"contentUrl\":\"https:\\\/\\\/gruasals.cl\\\/wp-content\\\/uploads\\\/2021\\\/10\\\/LOGOALS.jpg\",\"width\":250,\"height\":119,\"caption\":\"GRUAS ALS\"},\"image\":{\"@id\":\"https:\\\/\\\/gruasals.cl\\\/#\\\/schema\\\/logo\\\/image\\\/\"}}]}<\/script>\n<!-- \/ Yoast SEO plugin. -->","yoast_head_json":{"title":"Equipo - GRUAS ALS","robots":{"index":"index","follow":"follow","max-snippet":"max-snippet:-1","max-image-preview":"max-image-preview:large","max-video-preview":"max-video-preview:-1"},"canonical":"https:\/\/gruasals.cl\/index.php\/team\/","og_locale":"es_ES","og_type":"article","og_title":"Equipo - GRUAS ALS","og_description":"Estimados Se\u00f1ores: Tenemos el agrado de ofrecer a ustedes nuestros servicios de Traslado de Veh\u00edculos, Camiones, Rescates y Mec\u00e1nica Integral para Veh\u00edculos. [&hellip;]","og_url":"https:\/\/gruasals.cl\/index.php\/team\/","og_site_name":"GRUAS ALS","article_modified_time":"2023-05-27T16:12:08+00:00","og_image":[{"url":"https:\/\/gruasals.cl\/wp-content\/uploads\/2023\/05\/1683257446020.jpg","type":"","width":"","height":""}],"twitter_card":"summary_large_image","twitter_misc":{"Tiempo estimado de lectura":"3 minutos"},"schema":{"@context":"https:\/\/schema.org","@graph":[{"@type":"WebPage","@id":"https:\/\/gruasals.cl\/index.php\/team\/","url":"https:\/\/gruasals.cl\/index.php\/team\/","name":"Equipo - GRUAS ALS","isPartOf":{"@id":"https:\/\/gruasals.cl\/#website"},"primaryImageOfPage":{"@id":"https:\/\/gruasals.cl\/index.php\/team\/#primaryimage"},"image":{"@id":"https:\/\/gruasals.cl\/index.php\/team\/#primaryimage"},"thumbnailUrl":"https:\/\/gruasals.cl\/wp-content\/uploads\/2023\/05\/1683257446020.jpg","datePublished":"2019-10-30T19:37:49+00:00","dateModified":"2023-05-27T16:12:08+00:00","breadcrumb":{"@id":"https:\/\/gruasals.cl\/index.php\/team\/#breadcrumb"},"inLanguage":"es-CL","potentialAction":[{"@type":"ReadAction","target":["https:\/\/gruasals.cl\/index.php\/team\/"]}]},{"@type":"ImageObject","inLanguage":"es-CL","@id":"https:\/\/gruasals.cl\/index.php\/team\/#primaryimage","url":"https:\/\/gruasals.cl\/wp-content\/uploads\/2023\/05\/1683257446020.jpg","contentUrl":"https:\/\/gruasals.cl\/wp-content\/uploads\/2023\/05\/1683257446020.jpg","width":1080,"height":1197},{"@type":"BreadcrumbList","@id":"https:\/\/gruasals.cl\/index.php\/team\/#breadcrumb","itemListElement":[{"@type":"ListItem","position":1,"name":"Portada","item":"https:\/\/gruasals.cl\/"},{"@type":"ListItem","position":2,"name":"Equipo"}]},{"@type":"WebSite","@id":"https:\/\/gruasals.cl\/#website","url":"https:\/\/gruasals.cl\/","name":"GRUAS ALS","description":"SERVICIOS DE  MECANICA INTEGRAL","publisher":{"@id":"https:\/\/gruasals.cl\/#organization"},"potentialAction":[{"@type":"SearchAction","target":{"@type":"EntryPoint","urlTemplate":"https:\/\/gruasals.cl\/?s={search_term_string}"},"query-input":{"@type":"PropertyValueSpecification","valueRequired":true,"valueName":"search_term_string"}}],"inLanguage":"es-CL"},{"@type":"Organization","@id":"https:\/\/gruasals.cl\/#organization","name":"GRUAS ALS","url":"https:\/\/gruasals.cl\/","logo":{"@type":"ImageObject","inLanguage":"es-CL","@id":"https:\/\/gruasals.cl\/#\/schema\/logo\/image\/","url":"https:\/\/gruasals.cl\/wp-content\/uploads\/2021\/10\/LOGOALS.jpg","contentUrl":"https:\/\/gruasals.cl\/wp-content\/uploads\/2021\/10\/LOGOALS.jpg","width":250,"height":119,"caption":"GRUAS ALS"},"image":{"@id":"https:\/\/gruasals.cl\/#\/schema\/logo\/image\/"}}]}},"_links":{"self":[{"href":"https:\/\/gruasals.cl\/index.php\/wp-json\/wp\/v2\/pages\/361","targetHints":{"allow":["GET"]}}],"collection":[{"href":"https:\/\/gruasals.cl\/index.php\/wp-json\/wp\/v2\/pages"}],"about":[{"href":"https:\/\/gruasals.cl\/index.php\/wp-json\/wp\/v2\/types\/page"}],"author":[{"embeddable":true,"href":"https:\/\/gruasals.cl\/index.php\/wp-json\/wp\/v2\/users\/1"}],"replies":[{"embeddable":true,"href":"https:\/\/gruasals.cl\/index.php\/wp-json\/wp\/v2\/comments?post=361"}],"version-history":[{"count":19,"href":"https:\/\/gruasals.cl\/index.php\/wp-json\/wp\/v2\/pages\/361\/revisions"}],"predecessor-version":[{"id":834,"href":"https:\/\/gruasals.cl\/index.php\/wp-json\/wp\/v2\/pages\/361\/revisions\/834"}],"wp:attachment":[{"href":"https:\/\/gruasals.cl\/index.php\/wp-json\/wp\/v2\/media?parent=361"}],"curies":[{"name":"wp","href":"https:\/\/api.w.org\/{rel}","templated":true}]}}