{"id":372,"date":"2019-10-30T19:49:14","date_gmt":"2019-10-30T19:49:14","guid":{"rendered":"http:\/\/demo.athemes.com\/sydney-redesign\/?page_id=372"},"modified":"2023-05-27T15:04:32","modified_gmt":"2023-05-27T15:04:32","slug":"servicios","status":"publish","type":"page","link":"https:\/\/gruasals.cl\/index.php\/servicios\/","title":{"rendered":"Servicios"},"content":{"rendered":"\t\t<div data-elementor-type=\"wp-page\" data-elementor-id=\"372\" class=\"elementor elementor-372\">\n\t\t\t\t\t\t<section class=\"elementor-section elementor-top-section elementor-element elementor-element-44e53083 elementor-section-boxed elementor-section-height-default elementor-section-height-default\" data-id=\"44e53083\" data-element_type=\"section\" data-e-type=\"section\" data-settings=\"{&quot;background_background&quot;:&quot;classic&quot;}\">\n\t\t\t\t\t\t<div class=\"elementor-container elementor-column-gap-default\">\n\t\t\t\t\t<div class=\"elementor-column elementor-col-100 elementor-top-column elementor-element elementor-element-28ccb34b\" data-id=\"28ccb34b\" data-element_type=\"column\" data-e-type=\"column\">\n\t\t\t<div class=\"elementor-widget-wrap elementor-element-populated\">\n\t\t\t\t\t\t<div class=\"elementor-element elementor-element-4e74ea33 elementor-widget elementor-widget-heading\" data-id=\"4e74ea33\" data-element_type=\"widget\" data-e-type=\"widget\" data-widget_type=\"heading.default\">\n\t\t\t\t<div class=\"elementor-widget-container\">\n\t\t\t\t\t<p class=\"elementor-heading-title elementor-size-default\">Nuestros Servicios <\/p>\t\t\t\t<\/div>\n\t\t\t\t<\/div>\n\t\t\t\t<section class=\"elementor-section elementor-inner-section elementor-element elementor-element-1bb51272 elementor-section-boxed elementor-section-height-default elementor-section-height-default\" data-id=\"1bb51272\" data-element_type=\"section\" data-e-type=\"section\">\n\t\t\t\t\t\t<div class=\"elementor-container elementor-column-gap-default\">\n\t\t\t\t\t<div class=\"elementor-column elementor-col-33 elementor-inner-column elementor-element elementor-element-1708faf2\" data-id=\"1708faf2\" data-element_type=\"column\" data-e-type=\"column\" data-settings=\"{&quot;background_background&quot;:&quot;classic&quot;}\">\n\t\t\t<div class=\"elementor-widget-wrap elementor-element-populated\">\n\t\t\t\t\t\t<div class=\"elementor-element elementor-element-2add265f elementor-view-stacked elementor-shape-circle elementor-position-block-start elementor-mobile-position-block-start elementor-widget elementor-widget-icon-box\" data-id=\"2add265f\" data-element_type=\"widget\" data-e-type=\"widget\" data-widget_type=\"icon-box.default\">\n\t\t\t\t<div class=\"elementor-widget-container\">\n\t\t\t\t\t\t\t<div class=\"elementor-icon-box-wrapper\">\n\n\t\t\t\t\t\t<div class=\"elementor-icon-box-icon\">\n\t\t\t\t<span  class=\"elementor-icon\">\n\t\t\t\t<i aria-hidden=\"true\" class=\"far fa-image\"><\/i>\t\t\t\t<\/span>\n\t\t\t<\/div>\n\t\t\t\n\t\t\t\t\t\t<div class=\"elementor-icon-box-content\">\n\n\t\t\t\t\t\t\t\t\t<h2 class=\"elementor-icon-box-title\">\n\t\t\t\t\t\t<span  >\n\t\t\t\t\t\t\t-\tGr\u00faas Cama\t\t\t\t\t\t<\/span>\n\t\t\t\t\t<\/h2>\n\t\t\t\t\n\t\t\t\t\t\t\t\t\t<p class=\"elementor-icon-box-description\">\n\t\t\t\t\t\tAt vero eos et accusam et justo duo dolores et ea rebum. Stet gubergren no sea takimata sanctus.\t\t\t\t\t<\/p>\n\t\t\t\t\n\t\t\t<\/div>\n\t\t\t\n\t\t<\/div>\n\t\t\t\t\t\t<\/div>\n\t\t\t\t<\/div>\n\t\t\t\t\t<\/div>\n\t\t<\/div>\n\t\t\t\t<div class=\"elementor-column elementor-col-33 elementor-inner-column elementor-element elementor-element-225f3b41\" data-id=\"225f3b41\" data-element_type=\"column\" data-e-type=\"column\" data-settings=\"{&quot;background_background&quot;:&quot;classic&quot;}\">\n\t\t\t<div class=\"elementor-widget-wrap elementor-element-populated\">\n\t\t\t\t\t\t<div class=\"elementor-element elementor-element-30ebfc4a elementor-view-stacked elementor-shape-circle elementor-position-block-start elementor-mobile-position-block-start elementor-widget elementor-widget-icon-box\" data-id=\"30ebfc4a\" data-element_type=\"widget\" data-e-type=\"widget\" data-widget_type=\"icon-box.default\">\n\t\t\t\t<div class=\"elementor-widget-container\">\n\t\t\t\t\t\t\t<div class=\"elementor-icon-box-wrapper\">\n\n\t\t\t\t\t\t<div class=\"elementor-icon-box-icon\">\n\t\t\t\t<span  class=\"elementor-icon\">\n\t\t\t\t<i aria-hidden=\"true\" class=\"fas fa-cog\"><\/i>\t\t\t\t<\/span>\n\t\t\t<\/div>\n\t\t\t\n\t\t\t\t\t\t<div class=\"elementor-icon-box-content\">\n\n\t\t\t\t\t\t\t\t\t<h2 class=\"elementor-icon-box-title\">\n\t\t\t\t\t\t<span  >\n\t\t\t\t\t\t\t-\tGr\u00faas de Levante\t\t\t\t\t\t<\/span>\n\t\t\t\t\t<\/h2>\n\t\t\t\t\n\t\t\t\t\t\t\t\t\t<p class=\"elementor-icon-box-description\">\n\t\t\t\t\t\tAt vero eos et accusam et justo duo dolores et ea rebum. Stet gubergren no sea takimata sanctus.\t\t\t\t\t<\/p>\n\t\t\t\t\n\t\t\t<\/div>\n\t\t\t\n\t\t<\/div>\n\t\t\t\t\t\t<\/div>\n\t\t\t\t<\/div>\n\t\t\t\t\t<\/div>\n\t\t<\/div>\n\t\t\t\t<div class=\"elementor-column elementor-col-33 elementor-inner-column elementor-element elementor-element-163b3578\" data-id=\"163b3578\" data-element_type=\"column\" data-e-type=\"column\" data-settings=\"{&quot;background_background&quot;:&quot;classic&quot;}\">\n\t\t\t<div class=\"elementor-widget-wrap elementor-element-populated\">\n\t\t\t\t\t\t<div class=\"elementor-element elementor-element-2c8a63db elementor-view-stacked elementor-shape-circle elementor-position-block-start elementor-mobile-position-block-start elementor-widget elementor-widget-icon-box\" data-id=\"2c8a63db\" data-element_type=\"widget\" data-e-type=\"widget\" data-widget_type=\"icon-box.default\">\n\t\t\t\t<div class=\"elementor-widget-container\">\n\t\t\t\t\t\t\t<div class=\"elementor-icon-box-wrapper\">\n\n\t\t\t\t\t\t<div class=\"elementor-icon-box-icon\">\n\t\t\t\t<span  class=\"elementor-icon\">\n\t\t\t\t<i aria-hidden=\"true\" class=\"fas fa-bullhorn\"><\/i>\t\t\t\t<\/span>\n\t\t\t<\/div>\n\t\t\t\n\t\t\t\t\t\t<div class=\"elementor-icon-box-content\">\n\n\t\t\t\t\t\t\t\t\t<h2 class=\"elementor-icon-box-title\">\n\t\t\t\t\t\t<span  >\n\t\t\t\t\t\t\t-\tGr\u00faas de Arrastre \t\t\t\t\t\t<\/span>\n\t\t\t\t\t<\/h2>\n\t\t\t\t\n\t\t\t\t\t\t\t\t\t<p class=\"elementor-icon-box-description\">\n\t\t\t\t\t\tAt vero eos et accusam et justo duo dolores et ea rebum. Stet gubergren no sea takimata sanctus.\t\t\t\t\t<\/p>\n\t\t\t\t\n\t\t\t<\/div>\n\t\t\t\n\t\t<\/div>\n\t\t\t\t\t\t<\/div>\n\t\t\t\t<\/div>\n\t\t\t\t\t<\/div>\n\t\t<\/div>\n\t\t\t\t\t<\/div>\n\t\t<\/section>\n\t\t\t\t<section class=\"elementor-section elementor-inner-section elementor-element elementor-element-d681c49 elementor-section-boxed elementor-section-height-default elementor-section-height-default\" data-id=\"d681c49\" data-element_type=\"section\" data-e-type=\"section\">\n\t\t\t\t\t\t<div class=\"elementor-container elementor-column-gap-default\">\n\t\t\t\t\t<div class=\"elementor-column elementor-col-33 elementor-inner-column elementor-element elementor-element-84ff1ad\" data-id=\"84ff1ad\" data-element_type=\"column\" data-e-type=\"column\" data-settings=\"{&quot;background_background&quot;:&quot;classic&quot;}\">\n\t\t\t<div class=\"elementor-widget-wrap elementor-element-populated\">\n\t\t\t\t\t\t<div class=\"elementor-element elementor-element-6a37c0c elementor-view-stacked elementor-shape-circle elementor-position-block-start elementor-mobile-position-block-start elementor-widget elementor-widget-icon-box\" data-id=\"6a37c0c\" data-element_type=\"widget\" data-e-type=\"widget\" data-widget_type=\"icon-box.default\">\n\t\t\t\t<div class=\"elementor-widget-container\">\n\t\t\t\t\t\t\t<div class=\"elementor-icon-box-wrapper\">\n\n\t\t\t\t\t\t<div class=\"elementor-icon-box-icon\">\n\t\t\t\t<span  class=\"elementor-icon\">\n\t\t\t\t<i aria-hidden=\"true\" class=\"far fa-chart-bar\"><\/i>\t\t\t\t<\/span>\n\t\t\t<\/div>\n\t\t\t\n\t\t\t\t\t\t<div class=\"elementor-icon-box-content\">\n\n\t\t\t\t\t\t\t\t\t<h2 class=\"elementor-icon-box-title\">\n\t\t\t\t\t\t<span  >\n\t\t\t\t\t\t\t-\tCerrajer\u00eda Automotriz\t\t\t\t\t\t<\/span>\n\t\t\t\t\t<\/h2>\n\t\t\t\t\n\t\t\t\t\t\t\t\t\t<p class=\"elementor-icon-box-description\">\n\t\t\t\t\t\tAt vero eos et accusam et justo duo dolores et ea rebum. Stet gubergren no sea takimata sanctus.\t\t\t\t\t<\/p>\n\t\t\t\t\n\t\t\t<\/div>\n\t\t\t\n\t\t<\/div>\n\t\t\t\t\t\t<\/div>\n\t\t\t\t<\/div>\n\t\t\t\t\t<\/div>\n\t\t<\/div>\n\t\t\t\t<div class=\"elementor-column elementor-col-33 elementor-inner-column elementor-element elementor-element-bc96507\" data-id=\"bc96507\" data-element_type=\"column\" data-e-type=\"column\" data-settings=\"{&quot;background_background&quot;:&quot;classic&quot;}\">\n\t\t\t<div class=\"elementor-widget-wrap elementor-element-populated\">\n\t\t\t\t\t\t<div class=\"elementor-element elementor-element-d52d288 elementor-view-stacked elementor-shape-circle elementor-position-block-start elementor-mobile-position-block-start elementor-widget elementor-widget-icon-box\" data-id=\"d52d288\" data-element_type=\"widget\" data-e-type=\"widget\" data-widget_type=\"icon-box.default\">\n\t\t\t\t<div class=\"elementor-widget-container\">\n\t\t\t\t\t\t\t<div class=\"elementor-icon-box-wrapper\">\n\n\t\t\t\t\t\t<div class=\"elementor-icon-box-icon\">\n\t\t\t\t<span  class=\"elementor-icon\">\n\t\t\t\t<i aria-hidden=\"true\" class=\"fas fa-camera-retro\"><\/i>\t\t\t\t<\/span>\n\t\t\t<\/div>\n\t\t\t\n\t\t\t\t\t\t<div class=\"elementor-icon-box-content\">\n\n\t\t\t\t\t\t\t\t\t<h2 class=\"elementor-icon-box-title\">\n\t\t\t\t\t\t<span  >\n\t\t\t\t\t\t\t-\tInstalaci\u00f3n de GPS\t\t\t\t\t\t<\/span>\n\t\t\t\t\t<\/h2>\n\t\t\t\t\n\t\t\t\t\t\t\t\t\t<p class=\"elementor-icon-box-description\">\n\t\t\t\t\t\tAt vero eos et accusam et justo duo dolores et ea rebum. Stet gubergren no sea takimata sanctus.\t\t\t\t\t<\/p>\n\t\t\t\t\n\t\t\t<\/div>\n\t\t\t\n\t\t<\/div>\n\t\t\t\t\t\t<\/div>\n\t\t\t\t<\/div>\n\t\t\t\t\t<\/div>\n\t\t<\/div>\n\t\t\t\t<div class=\"elementor-column elementor-col-33 elementor-inner-column elementor-element elementor-element-5d1ab23\" data-id=\"5d1ab23\" data-element_type=\"column\" data-e-type=\"column\" data-settings=\"{&quot;background_background&quot;:&quot;classic&quot;}\">\n\t\t\t<div class=\"elementor-widget-wrap elementor-element-populated\">\n\t\t\t\t\t\t<div class=\"elementor-element elementor-element-97d7ed9 elementor-view-stacked elementor-shape-circle elementor-position-block-start elementor-mobile-position-block-start elementor-widget elementor-widget-icon-box\" data-id=\"97d7ed9\" data-element_type=\"widget\" data-e-type=\"widget\" data-widget_type=\"icon-box.default\">\n\t\t\t\t<div class=\"elementor-widget-container\">\n\t\t\t\t\t\t\t<div class=\"elementor-icon-box-wrapper\">\n\n\t\t\t\t\t\t<div class=\"elementor-icon-box-icon\">\n\t\t\t\t<span  class=\"elementor-icon\">\n\t\t\t\t<i aria-hidden=\"true\" class=\"fas fa-star\"><\/i>\t\t\t\t<\/span>\n\t\t\t<\/div>\n\t\t\t\n\t\t\t\t\t\t<div class=\"elementor-icon-box-content\">\n\n\t\t\t\t\t\t\t\t\t<h2 class=\"elementor-icon-box-title\">\n\t\t\t\t\t\t<span  >\n\t\t\t\t\t\t\t-\tTaller Mec\u00e1nico Automotriz \t\t\t\t\t\t<\/span>\n\t\t\t\t\t<\/h2>\n\t\t\t\t\n\t\t\t\t\t\t\t\t\t<p class=\"elementor-icon-box-description\">\n\t\t\t\t\t\tAt vero eos et accusam et justo duo dolores et ea rebum. Stet gubergren no sea takimata sanctus.\t\t\t\t\t<\/p>\n\t\t\t\t\n\t\t\t<\/div>\n\t\t\t\n\t\t<\/div>\n\t\t\t\t\t\t<\/div>\n\t\t\t\t<\/div>\n\t\t\t\t\t<\/div>\n\t\t<\/div>\n\t\t\t\t\t<\/div>\n\t\t<\/section>\n\t\t\t\t\t<\/div>\n\t\t<\/div>\n\t\t\t\t\t<\/div>\n\t\t<\/section>\n\t\t\t\t<section class=\"elementor-section elementor-top-section elementor-element elementor-element-3f35e87 elementor-section-boxed elementor-section-height-default elementor-section-height-default\" data-id=\"3f35e87\" data-element_type=\"section\" data-e-type=\"section\">\n\t\t\t\t\t\t<div class=\"elementor-container elementor-column-gap-default\">\n\t\t\t\t\t<div class=\"elementor-column elementor-col-33 elementor-top-column elementor-element elementor-element-fc86898\" data-id=\"fc86898\" data-element_type=\"column\" data-e-type=\"column\">\n\t\t\t<div class=\"elementor-widget-wrap elementor-element-populated\">\n\t\t\t\t\t\t<div class=\"elementor-element elementor-element-9733197 elementor-widget elementor-widget-image\" data-id=\"9733197\" data-element_type=\"widget\" data-e-type=\"widget\" data-widget_type=\"image.default\">\n\t\t\t\t<div class=\"elementor-widget-container\">\n\t\t\t\t\t\t\t\t\t\t\t\t\t\t\t<img fetchpriority=\"high\" decoding=\"async\" width=\"959\" height=\"1024\" src=\"https:\/\/gruasals.cl\/wp-content\/uploads\/2023\/05\/1683257445661-959x1024.jpg\" class=\"attachment-large size-large wp-image-740\" alt=\"\" srcset=\"https:\/\/gruasals.cl\/wp-content\/uploads\/2023\/05\/1683257445661-959x1024.jpg 959w, https:\/\/gruasals.cl\/wp-content\/uploads\/2023\/05\/1683257445661-281x300.jpg 281w, https:\/\/gruasals.cl\/wp-content\/uploads\/2023\/05\/1683257445661-768x820.jpg 768w, https:\/\/gruasals.cl\/wp-content\/uploads\/2023\/05\/1683257445661-920x982.jpg 920w, https:\/\/gruasals.cl\/wp-content\/uploads\/2023\/05\/1683257445661-230x246.jpg 230w, https:\/\/gruasals.cl\/wp-content\/uploads\/2023\/05\/1683257445661-350x374.jpg 350w, https:\/\/gruasals.cl\/wp-content\/uploads\/2023\/05\/1683257445661-480x512.jpg 480w, https:\/\/gruasals.cl\/wp-content\/uploads\/2023\/05\/1683257445661-600x641.jpg 600w, https:\/\/gruasals.cl\/wp-content\/uploads\/2023\/05\/1683257445661.jpg 1080w\" sizes=\"(max-width: 959px) 100vw, 959px\" \/>\t\t\t\t\t\t\t\t\t\t\t\t\t\t\t<\/div>\n\t\t\t\t<\/div>\n\t\t\t\t\t<\/div>\n\t\t<\/div>\n\t\t\t\t<div class=\"elementor-column elementor-col-33 elementor-top-column elementor-element elementor-element-b739365\" data-id=\"b739365\" data-element_type=\"column\" data-e-type=\"column\">\n\t\t\t<div class=\"elementor-widget-wrap elementor-element-populated\">\n\t\t\t\t\t\t<div class=\"elementor-element elementor-element-510829a elementor-widget elementor-widget-video\" data-id=\"510829a\" data-element_type=\"widget\" data-e-type=\"widget\" data-settings=\"{&quot;video_type&quot;:&quot;hosted&quot;,&quot;controls&quot;:&quot;yes&quot;}\" data-widget_type=\"video.default\">\n\t\t\t\t<div class=\"elementor-widget-container\">\n\t\t\t\t\t\t\t<div class=\"e-hosted-video elementor-wrapper elementor-open-inline\">\n\t\t\t\t\t<video class=\"elementor-video\" src=\"https:\/\/gruasals.cl\/wp-content\/uploads\/2021\/10\/GRUAS-ALS-RESCATES-CUARTA-REGION.mp4\" controls=\"\" preload=\"metadata\" controlsList=\"nodownload\"><\/video>\n\t\t\t\t<\/div>\n\t\t\t\t\t\t<\/div>\n\t\t\t\t<\/div>\n\t\t\t\t\t<\/div>\n\t\t<\/div>\n\t\t\t\t<div class=\"elementor-column elementor-col-33 elementor-top-column elementor-element elementor-element-8d6baa5\" data-id=\"8d6baa5\" data-element_type=\"column\" data-e-type=\"column\">\n\t\t\t<div class=\"elementor-widget-wrap elementor-element-populated\">\n\t\t\t\t\t\t<div class=\"elementor-element elementor-element-4b30339 elementor-widget elementor-widget-image\" data-id=\"4b30339\" data-element_type=\"widget\" data-e-type=\"widget\" data-widget_type=\"image.default\">\n\t\t\t\t<div class=\"elementor-widget-container\">\n\t\t\t\t\t\t\t\t\t\t\t\t\t\t\t<img decoding=\"async\" width=\"1024\" height=\"922\" src=\"https:\/\/gruasals.cl\/wp-content\/uploads\/2023\/05\/16832574465532-1024x922.jpg\" class=\"attachment-large size-large wp-image-731\" alt=\"\" srcset=\"https:\/\/gruasals.cl\/wp-content\/uploads\/2023\/05\/16832574465532-1024x922.jpg 1024w, https:\/\/gruasals.cl\/wp-content\/uploads\/2023\/05\/16832574465532-300x270.jpg 300w, https:\/\/gruasals.cl\/wp-content\/uploads\/2023\/05\/16832574465532-768x691.jpg 768w, https:\/\/gruasals.cl\/wp-content\/uploads\/2023\/05\/16832574465532-920x828.jpg 920w, https:\/\/gruasals.cl\/wp-content\/uploads\/2023\/05\/16832574465532-230x207.jpg 230w, https:\/\/gruasals.cl\/wp-content\/uploads\/2023\/05\/16832574465532-350x315.jpg 350w, https:\/\/gruasals.cl\/wp-content\/uploads\/2023\/05\/16832574465532-480x432.jpg 480w, https:\/\/gruasals.cl\/wp-content\/uploads\/2023\/05\/16832574465532-600x540.jpg 600w, https:\/\/gruasals.cl\/wp-content\/uploads\/2023\/05\/16832574465532.jpg 1080w\" sizes=\"(max-width: 1024px) 100vw, 1024px\" \/>\t\t\t\t\t\t\t\t\t\t\t\t\t\t\t<\/div>\n\t\t\t\t<\/div>\n\t\t\t\t\t<\/div>\n\t\t<\/div>\n\t\t\t\t\t<\/div>\n\t\t<\/section>\n\t\t\t\t<section class=\"elementor-section elementor-top-section elementor-element elementor-element-3234b54 elementor-section-boxed elementor-section-height-default elementor-section-height-default\" data-id=\"3234b54\" data-element_type=\"section\" data-e-type=\"section\">\n\t\t\t\t\t\t<div class=\"elementor-container elementor-column-gap-default\">\n\t\t\t\t\t<div class=\"elementor-column elementor-col-100 elementor-top-column elementor-element elementor-element-c2e1dc3\" data-id=\"c2e1dc3\" data-element_type=\"column\" data-e-type=\"column\">\n\t\t\t<div class=\"elementor-widget-wrap elementor-element-populated\">\n\t\t\t\t\t\t<div class=\"elementor-element elementor-element-0b093a7 elementor-widget elementor-widget-text-editor\" data-id=\"0b093a7\" data-element_type=\"widget\" data-e-type=\"widget\" data-widget_type=\"text-editor.default\">\n\t\t\t\t<div class=\"elementor-widget-container\">\n\t\t\t\t\t\t\t\t\t<p><u>MISION<\/u><\/p><p>Gr\u00faas A.L.S\u00a0 SpA., es una empresa \u00a0de Apoyo en\u00a0 las Emergencias Viales, efectuando \u00a0Rescates y Traslados\u00a0 de Veh\u00edculos\u00a0\u00a0 pesados,\u00a0 livianos y otros,\u00a0 cada uno de nuestro equipo, \u00a0est\u00e1 en constante actualizaci\u00f3n de t\u00e9cnicas\u00a0 para as\u00ed poder entregar\u00a0 soluci\u00f3n, satisfacci\u00f3n a nuestros clientes, proporcionando\u00a0 \u00a0seguridad, calidad en los diferentes est\u00e1ndares que seamos asignados o solicitados.<\/p>\t\t\t\t\t\t\t\t<\/div>\n\t\t\t\t<\/div>\n\t\t\t\t\t<\/div>\n\t\t<\/div>\n\t\t\t\t\t<\/div>\n\t\t<\/section>\n\t\t\t\t<\/div>\n\t\t","protected":false},"excerpt":{"rendered":"<p>Nuestros Servicios &#8211; Gr\u00faas Cama At vero eos et accusam et justo duo dolores et ea rebum. Stet gubergren no sea takimata [&hellip;]<\/p>\n","protected":false},"author":1,"featured_media":0,"parent":0,"menu_order":0,"comment_status":"closed","ping_status":"closed","template":"page-templates\/page_front-page.php","meta":{"_joinchat":[],"footnotes":""},"class_list":["post-372","page","type-page","status-publish","hentry"],"yoast_head":"<!-- This site is optimized with the Yoast SEO plugin v27.4 - https:\/\/yoast.com\/product\/yoast-seo-wordpress\/ -->\n<title>Servicios - GRUAS ALS<\/title>\n<meta name=\"robots\" content=\"index, follow, max-snippet:-1, max-image-preview:large, max-video-preview:-1\" \/>\n<link rel=\"canonical\" href=\"https:\/\/gruasals.cl\/index.php\/servicios\/\" \/>\n<meta property=\"og:locale\" content=\"es_ES\" \/>\n<meta property=\"og:type\" content=\"article\" \/>\n<meta property=\"og:title\" content=\"Servicios - GRUAS ALS\" \/>\n<meta property=\"og:description\" content=\"Nuestros Servicios &#8211; Gr\u00faas Cama At vero eos et accusam et justo duo dolores et ea rebum. Stet gubergren no sea takimata [&hellip;]\" \/>\n<meta property=\"og:url\" content=\"https:\/\/gruasals.cl\/index.php\/servicios\/\" \/>\n<meta property=\"og:site_name\" content=\"GRUAS ALS\" \/>\n<meta property=\"article:modified_time\" content=\"2023-05-27T15:04:32+00:00\" \/>\n<meta property=\"og:image\" content=\"https:\/\/gruasals.cl\/wp-content\/uploads\/2023\/05\/1683257445661-959x1024.jpg\" \/>\n<meta name=\"twitter:card\" content=\"summary_large_image\" \/>\n<meta name=\"twitter:label1\" content=\"Tiempo estimado de lectura\" \/>\n\t<meta name=\"twitter:data1\" content=\"2 minutos\" \/>\n<script type=\"application\/ld+json\" class=\"yoast-schema-graph\">{\"@context\":\"https:\\\/\\\/schema.org\",\"@graph\":[{\"@type\":\"WebPage\",\"@id\":\"https:\\\/\\\/gruasals.cl\\\/index.php\\\/servicios\\\/\",\"url\":\"https:\\\/\\\/gruasals.cl\\\/index.php\\\/servicios\\\/\",\"name\":\"Servicios - GRUAS ALS\",\"isPartOf\":{\"@id\":\"https:\\\/\\\/gruasals.cl\\\/#website\"},\"primaryImageOfPage\":{\"@id\":\"https:\\\/\\\/gruasals.cl\\\/index.php\\\/servicios\\\/#primaryimage\"},\"image\":{\"@id\":\"https:\\\/\\\/gruasals.cl\\\/index.php\\\/servicios\\\/#primaryimage\"},\"thumbnailUrl\":\"https:\\\/\\\/gruasals.cl\\\/wp-content\\\/uploads\\\/2023\\\/05\\\/1683257445661-959x1024.jpg\",\"datePublished\":\"2019-10-30T19:49:14+00:00\",\"dateModified\":\"2023-05-27T15:04:32+00:00\",\"breadcrumb\":{\"@id\":\"https:\\\/\\\/gruasals.cl\\\/index.php\\\/servicios\\\/#breadcrumb\"},\"inLanguage\":\"es-CL\",\"potentialAction\":[{\"@type\":\"ReadAction\",\"target\":[\"https:\\\/\\\/gruasals.cl\\\/index.php\\\/servicios\\\/\"]}]},{\"@type\":\"ImageObject\",\"inLanguage\":\"es-CL\",\"@id\":\"https:\\\/\\\/gruasals.cl\\\/index.php\\\/servicios\\\/#primaryimage\",\"url\":\"https:\\\/\\\/gruasals.cl\\\/wp-content\\\/uploads\\\/2023\\\/05\\\/1683257445661.jpg\",\"contentUrl\":\"https:\\\/\\\/gruasals.cl\\\/wp-content\\\/uploads\\\/2023\\\/05\\\/1683257445661.jpg\",\"width\":1080,\"height\":1153},{\"@type\":\"BreadcrumbList\",\"@id\":\"https:\\\/\\\/gruasals.cl\\\/index.php\\\/servicios\\\/#breadcrumb\",\"itemListElement\":[{\"@type\":\"ListItem\",\"position\":1,\"name\":\"Portada\",\"item\":\"https:\\\/\\\/gruasals.cl\\\/\"},{\"@type\":\"ListItem\",\"position\":2,\"name\":\"Servicios\"}]},{\"@type\":\"WebSite\",\"@id\":\"https:\\\/\\\/gruasals.cl\\\/#website\",\"url\":\"https:\\\/\\\/gruasals.cl\\\/\",\"name\":\"GRUAS ALS\",\"description\":\"SERVICIOS DE  MECANICA INTEGRAL\",\"publisher\":{\"@id\":\"https:\\\/\\\/gruasals.cl\\\/#organization\"},\"potentialAction\":[{\"@type\":\"SearchAction\",\"target\":{\"@type\":\"EntryPoint\",\"urlTemplate\":\"https:\\\/\\\/gruasals.cl\\\/?s={search_term_string}\"},\"query-input\":{\"@type\":\"PropertyValueSpecification\",\"valueRequired\":true,\"valueName\":\"search_term_string\"}}],\"inLanguage\":\"es-CL\"},{\"@type\":\"Organization\",\"@id\":\"https:\\\/\\\/gruasals.cl\\\/#organization\",\"name\":\"GRUAS ALS\",\"url\":\"https:\\\/\\\/gruasals.cl\\\/\",\"logo\":{\"@type\":\"ImageObject\",\"inLanguage\":\"es-CL\",\"@id\":\"https:\\\/\\\/gruasals.cl\\\/#\\\/schema\\\/logo\\\/image\\\/\",\"url\":\"https:\\\/\\\/gruasals.cl\\\/wp-content\\\/uploads\\\/2021\\\/10\\\/LOGOALS.jpg\",\"contentUrl\":\"https:\\\/\\\/gruasals.cl\\\/wp-content\\\/uploads\\\/2021\\\/10\\\/LOGOALS.jpg\",\"width\":250,\"height\":119,\"caption\":\"GRUAS ALS\"},\"image\":{\"@id\":\"https:\\\/\\\/gruasals.cl\\\/#\\\/schema\\\/logo\\\/image\\\/\"}}]}<\/script>\n<!-- \/ Yoast SEO plugin. -->","yoast_head_json":{"title":"Servicios - GRUAS ALS","robots":{"index":"index","follow":"follow","max-snippet":"max-snippet:-1","max-image-preview":"max-image-preview:large","max-video-preview":"max-video-preview:-1"},"canonical":"https:\/\/gruasals.cl\/index.php\/servicios\/","og_locale":"es_ES","og_type":"article","og_title":"Servicios - GRUAS ALS","og_description":"Nuestros Servicios &#8211; Gr\u00faas Cama At vero eos et accusam et justo duo dolores et ea rebum. Stet gubergren no sea takimata [&hellip;]","og_url":"https:\/\/gruasals.cl\/index.php\/servicios\/","og_site_name":"GRUAS ALS","article_modified_time":"2023-05-27T15:04:32+00:00","og_image":[{"url":"https:\/\/gruasals.cl\/wp-content\/uploads\/2023\/05\/1683257445661-959x1024.jpg","type":"","width":"","height":""}],"twitter_card":"summary_large_image","twitter_misc":{"Tiempo estimado de lectura":"2 minutos"},"schema":{"@context":"https:\/\/schema.org","@graph":[{"@type":"WebPage","@id":"https:\/\/gruasals.cl\/index.php\/servicios\/","url":"https:\/\/gruasals.cl\/index.php\/servicios\/","name":"Servicios - GRUAS ALS","isPartOf":{"@id":"https:\/\/gruasals.cl\/#website"},"primaryImageOfPage":{"@id":"https:\/\/gruasals.cl\/index.php\/servicios\/#primaryimage"},"image":{"@id":"https:\/\/gruasals.cl\/index.php\/servicios\/#primaryimage"},"thumbnailUrl":"https:\/\/gruasals.cl\/wp-content\/uploads\/2023\/05\/1683257445661-959x1024.jpg","datePublished":"2019-10-30T19:49:14+00:00","dateModified":"2023-05-27T15:04:32+00:00","breadcrumb":{"@id":"https:\/\/gruasals.cl\/index.php\/servicios\/#breadcrumb"},"inLanguage":"es-CL","potentialAction":[{"@type":"ReadAction","target":["https:\/\/gruasals.cl\/index.php\/servicios\/"]}]},{"@type":"ImageObject","inLanguage":"es-CL","@id":"https:\/\/gruasals.cl\/index.php\/servicios\/#primaryimage","url":"https:\/\/gruasals.cl\/wp-content\/uploads\/2023\/05\/1683257445661.jpg","contentUrl":"https:\/\/gruasals.cl\/wp-content\/uploads\/2023\/05\/1683257445661.jpg","width":1080,"height":1153},{"@type":"BreadcrumbList","@id":"https:\/\/gruasals.cl\/index.php\/servicios\/#breadcrumb","itemListElement":[{"@type":"ListItem","position":1,"name":"Portada","item":"https:\/\/gruasals.cl\/"},{"@type":"ListItem","position":2,"name":"Servicios"}]},{"@type":"WebSite","@id":"https:\/\/gruasals.cl\/#website","url":"https:\/\/gruasals.cl\/","name":"GRUAS ALS","description":"SERVICIOS DE  MECANICA INTEGRAL","publisher":{"@id":"https:\/\/gruasals.cl\/#organization"},"potentialAction":[{"@type":"SearchAction","target":{"@type":"EntryPoint","urlTemplate":"https:\/\/gruasals.cl\/?s={search_term_string}"},"query-input":{"@type":"PropertyValueSpecification","valueRequired":true,"valueName":"search_term_string"}}],"inLanguage":"es-CL"},{"@type":"Organization","@id":"https:\/\/gruasals.cl\/#organization","name":"GRUAS ALS","url":"https:\/\/gruasals.cl\/","logo":{"@type":"ImageObject","inLanguage":"es-CL","@id":"https:\/\/gruasals.cl\/#\/schema\/logo\/image\/","url":"https:\/\/gruasals.cl\/wp-content\/uploads\/2021\/10\/LOGOALS.jpg","contentUrl":"https:\/\/gruasals.cl\/wp-content\/uploads\/2021\/10\/LOGOALS.jpg","width":250,"height":119,"caption":"GRUAS ALS"},"image":{"@id":"https:\/\/gruasals.cl\/#\/schema\/logo\/image\/"}}]}},"_links":{"self":[{"href":"https:\/\/gruasals.cl\/index.php\/wp-json\/wp\/v2\/pages\/372","targetHints":{"allow":["GET"]}}],"collection":[{"href":"https:\/\/gruasals.cl\/index.php\/wp-json\/wp\/v2\/pages"}],"about":[{"href":"https:\/\/gruasals.cl\/index.php\/wp-json\/wp\/v2\/types\/page"}],"author":[{"embeddable":true,"href":"https:\/\/gruasals.cl\/index.php\/wp-json\/wp\/v2\/users\/1"}],"replies":[{"embeddable":true,"href":"https:\/\/gruasals.cl\/index.php\/wp-json\/wp\/v2\/comments?post=372"}],"version-history":[{"count":10,"href":"https:\/\/gruasals.cl\/index.php\/wp-json\/wp\/v2\/pages\/372\/revisions"}],"predecessor-version":[{"id":818,"href":"https:\/\/gruasals.cl\/index.php\/wp-json\/wp\/v2\/pages\/372\/revisions\/818"}],"wp:attachment":[{"href":"https:\/\/gruasals.cl\/index.php\/wp-json\/wp\/v2\/media?parent=372"}],"curies":[{"name":"wp","href":"https:\/\/api.w.org\/{rel}","templated":true}]}}